{"id":6130,"date":"2025-07-04T13:35:04","date_gmt":"2025-07-04T16:35:04","guid":{"rendered":"https:\/\/mastercargasbrasil.com.br\/cctv-con-ia\/"},"modified":"2025-11-24T23:21:09","modified_gmt":"2025-11-25T02:21:09","slug":"cctv-con-ia","status":"publish","type":"page","link":"https:\/\/mastercargasbrasil.com.br\/es\/cctv-con-ia\/","title":{"rendered":"CCTV con IA"},"content":{"rendered":"\t\t<div data-elementor-type=\"wp-page\" data-elementor-id=\"6130\" class=\"elementor elementor-6130 elementor-4700\" data-elementor-post-type=\"page\">\n\t\t\t\t<div class=\"elementor-element elementor-element-e2ab366 e-flex e-con-boxed e-con e-parent\" data-id=\"e2ab366\" data-element_type=\"container\" data-e-type=\"container\" data-settings=\"{&quot;background_background&quot;:&quot;classic&quot;}\">\n\t\t\t\t\t<div class=\"e-con-inner\">\n\t\t\t\t<div class=\"elementor-element elementor-element-e71f08c elementor-widget elementor-widget-spacer\" data-id=\"e71f08c\" data-element_type=\"widget\" data-e-type=\"widget\" data-widget_type=\"spacer.default\">\n\t\t\t\t<div class=\"elementor-widget-container\">\n\t\t\t\t\t\t\t<div class=\"elementor-spacer\">\n\t\t\t<div class=\"elementor-spacer-inner\"><\/div>\n\t\t<\/div>\n\t\t\t\t\t\t<\/div>\n\t\t\t\t<\/div>\n\t\t\t\t\t<\/div>\n\t\t\t\t<\/div>\n\t\t<div class=\"elementor-element elementor-element-c907da1 e-con-full e-flex e-con e-parent\" data-id=\"c907da1\" data-element_type=\"container\" data-e-type=\"container\">\n\t\t\t\t<div class=\"elementor-element elementor-element-b0eadb5 elementor-align-left elementor-widget elementor-widget-breadcrumbs\" data-id=\"b0eadb5\" data-element_type=\"widget\" data-e-type=\"widget\" data-widget_type=\"breadcrumbs.default\">\n\t\t\t\t<div class=\"elementor-widget-container\">\n\t\t\t\t\t<p id=\"breadcrumbs\"><span><span><a href=\"https:\/\/mastercargasbrasil.com.br\/es\/inicio\/\">In\u00edcio<\/a><\/span><\/span><\/p>\t\t\t\t<\/div>\n\t\t\t\t<\/div>\n\t\t\t\t<\/div>\n\t\t<div class=\"elementor-element elementor-element-995bc23 e-con-full e-flex e-con e-parent\" data-id=\"995bc23\" data-element_type=\"container\" data-e-type=\"container\">\n\t\t<div class=\"elementor-element elementor-element-f65d199 e-con-full e-flex e-con e-child\" data-id=\"f65d199\" data-element_type=\"container\" data-e-type=\"container\">\n\t\t\t\t<div class=\"elementor-element elementor-element-cf6219f animated-slow elementor-invisible elementor-widget elementor-widget-heading\" data-id=\"cf6219f\" data-element_type=\"widget\" data-e-type=\"widget\" data-settings=\"{&quot;_animation&quot;:&quot;fadeInUp&quot;,&quot;_animation_delay&quot;:0}\" data-widget_type=\"heading.default\">\n\t\t\t\t<div class=\"elementor-widget-container\">\n\t\t\t\t\t<h1 class=\"elementor-heading-title elementor-size-default\">CCTV con IA<\/h1>\t\t\t\t<\/div>\n\t\t\t\t<\/div>\n\t\t\t\t<div class=\"elementor-element elementor-element-c60cd9d animated-slow elementor-invisible elementor-widget elementor-widget-text-editor\" data-id=\"c60cd9d\" data-element_type=\"widget\" data-e-type=\"widget\" data-settings=\"{&quot;_animation&quot;:&quot;fadeInUp&quot;,&quot;_animation_delay&quot;:300}\" data-widget_type=\"text-editor.default\">\n\t\t\t\t<div class=\"elementor-widget-container\">\n\t\t\t\t\t\t\t\t\t<p>En Master Cargas Brasil, la seguridad es una prioridad.<\/p><p>Por ello, invertimos en un avanzado sistema de CCTV con inteligencia artificial. Con recursos como detecci\u00f3n inteligente de movimientos, reconocimiento facial y alertas en tiempo real, prevenimos p\u00e9rdidas, reducimos riesgos de accidentes, monitoreamos operaciones cr\u00edticas y optimizamos procesos log\u00edsticos.<\/p><p>Esta tecnolog\u00eda eleva nuestro est\u00e1ndar de protecci\u00f3n, garantizando mayor seguridad para las personas y para el patrimonio.<br><\/p>\t\t\t\t\t\t\t\t<\/div>\n\t\t\t\t<\/div>\n\t\t\t\t<\/div>\n\t\t<div class=\"elementor-element elementor-element-850db3d e-con-full animated-slow e-flex elementor-invisible e-con e-child\" data-id=\"850db3d\" data-element_type=\"container\" data-e-type=\"container\" data-settings=\"{&quot;animation&quot;:&quot;fadeInUp&quot;,&quot;animation_delay&quot;:0}\">\n\t\t\t\t<div class=\"elementor-element elementor-element-03ac62a elementor-widget elementor-widget-image\" data-id=\"03ac62a\" data-element_type=\"widget\" data-e-type=\"widget\" data-widget_type=\"image.default\">\n\t\t\t\t<div class=\"elementor-widget-container\">\n\t\t\t\t\t\t\t\t\t\t\t\t\t\t\t<img alt=\"\" fetchpriority=\"high\" decoding=\"async\" width=\"800\" height=\"613\" src=\"https:\/\/mastercargasbrasil.com.br\/wp-content\/uploads\/2025\/07\/camera_com_ia-1024x784.jpg\" class=\"attachment-large size-large wp-image-5859\" alt=\"\" srcset=\"https:\/\/mastercargasbrasil.com.br\/wp-content\/uploads\/2025\/07\/camera_com_ia-1024x784.jpg 1024w, https:\/\/mastercargasbrasil.com.br\/wp-content\/uploads\/2025\/07\/camera_com_ia-300x230.jpg 300w, https:\/\/mastercargasbrasil.com.br\/wp-content\/uploads\/2025\/07\/camera_com_ia-768x588.jpg 768w, https:\/\/mastercargasbrasil.com.br\/wp-content\/uploads\/2025\/07\/camera_com_ia.jpg 1271w\" sizes=\"(max-width: 800px) 100vw, 800px\" \/>\t\t\t\t\t\t\t\t\t\t\t\t\t\t\t<\/div>\n\t\t\t\t<\/div>\n\t\t\t\t<\/div>\n\t\t\t\t<\/div>\n\t\t\t\t<\/div>\n\t\t","protected":false},"excerpt":{"rendered":"<p>CCTV con IA En Master Cargas Brasil, la seguridad es una prioridad. Por ello, invertimos en un avanzado sistema de CCTV con inteligencia artificial. Con recursos como detecci\u00f3n inteligente de movimientos, reconocimiento facial y alertas en tiempo real, prevenimos p\u00e9rdidas, reducimos riesgos de accidentes, monitoreamos operaciones cr\u00edticas y optimizamos procesos log\u00edsticos. Esta tecnolog\u00eda eleva nuestro [&hellip;]<\/p>\n","protected":false},"author":1,"featured_media":0,"parent":0,"menu_order":0,"comment_status":"closed","ping_status":"closed","template":"","meta":{"_seopress_robots_primary_cat":"","_seopress_titles_title":"","_seopress_titles_desc":"","_seopress_robots_index":"","footnotes":""},"class_list":["post-6130","page","type-page","status-publish","hentry"],"yoast_head":"<!-- This site is optimized with the Yoast SEO plugin v27.4 - https:\/\/yoast.com\/product\/yoast-seo-wordpress\/ -->\n<title>CCTV con IA - Master Cargas Brasil<\/title>\n<meta name=\"robots\" content=\"index, follow, max-snippet:-1, max-image-preview:large, max-video-preview:-1\" \/>\n<link rel=\"canonical\" href=\"https:\/\/mastercargasbrasil.com.br\/es\/cctv-con-ia\/\" \/>\n<meta property=\"og:locale\" content=\"es_ES\" \/>\n<meta property=\"og:type\" content=\"article\" \/>\n<meta property=\"og:title\" content=\"CCTV con IA - Master Cargas Brasil\" \/>\n<meta property=\"og:description\" content=\"CCTV con IA En Master Cargas Brasil, la seguridad es una prioridad. Por ello, invertimos en un avanzado sistema de CCTV con inteligencia artificial. Con recursos como detecci\u00f3n inteligente de movimientos, reconocimiento facial y alertas en tiempo real, prevenimos p\u00e9rdidas, reducimos riesgos de accidentes, monitoreamos operaciones cr\u00edticas y optimizamos procesos log\u00edsticos. Esta tecnolog\u00eda eleva nuestro [&hellip;]\" \/>\n<meta property=\"og:url\" content=\"https:\/\/mastercargasbrasil.com.br\/es\/cctv-con-ia\/\" \/>\n<meta property=\"og:site_name\" content=\"Master Cargas Brasil\" \/>\n<meta property=\"article:modified_time\" content=\"2025-11-25T02:21:09+00:00\" \/>\n<meta property=\"og:image\" content=\"https:\/\/mastercargasbrasil.com.br\/wp-content\/uploads\/2025\/07\/camera_com_ia.jpg\" \/>\n\t<meta property=\"og:image:width\" content=\"1271\" \/>\n\t<meta property=\"og:image:height\" content=\"973\" \/>\n\t<meta property=\"og:image:type\" content=\"image\/jpeg\" \/>\n<meta name=\"twitter:card\" content=\"summary_large_image\" \/>\n<script type=\"application\/ld+json\" class=\"yoast-schema-graph\">{\"@context\":\"https:\\\/\\\/schema.org\",\"@graph\":[{\"@type\":\"WebPage\",\"@id\":\"https:\\\/\\\/mastercargasbrasil.com.br\\\/es\\\/cctv-con-ia\\\/\",\"url\":\"https:\\\/\\\/mastercargasbrasil.com.br\\\/es\\\/cctv-con-ia\\\/\",\"name\":\"CCTV con IA - Master Cargas Brasil\",\"isPartOf\":{\"@id\":\"https:\\\/\\\/mastercargasbrasil.com.br\\\/es\\\/#website\"},\"primaryImageOfPage\":{\"@id\":\"https:\\\/\\\/mastercargasbrasil.com.br\\\/es\\\/cctv-con-ia\\\/#primaryimage\"},\"image\":{\"@id\":\"https:\\\/\\\/mastercargasbrasil.com.br\\\/es\\\/cctv-con-ia\\\/#primaryimage\"},\"thumbnailUrl\":\"https:\\\/\\\/mastercargasbrasil.com.br\\\/wp-content\\\/uploads\\\/2025\\\/07\\\/camera_com_ia-1024x784.jpg\",\"datePublished\":\"2025-07-04T16:35:04+00:00\",\"dateModified\":\"2025-11-25T02:21:09+00:00\",\"breadcrumb\":{\"@id\":\"https:\\\/\\\/mastercargasbrasil.com.br\\\/es\\\/cctv-con-ia\\\/#breadcrumb\"},\"inLanguage\":\"es\",\"potentialAction\":[{\"@type\":\"ReadAction\",\"target\":[\"https:\\\/\\\/mastercargasbrasil.com.br\\\/es\\\/cctv-con-ia\\\/\"]}]},{\"@type\":\"ImageObject\",\"inLanguage\":\"es\",\"@id\":\"https:\\\/\\\/mastercargasbrasil.com.br\\\/es\\\/cctv-con-ia\\\/#primaryimage\",\"url\":\"https:\\\/\\\/mastercargasbrasil.com.br\\\/wp-content\\\/uploads\\\/2025\\\/07\\\/camera_com_ia-1024x784.jpg\",\"contentUrl\":\"https:\\\/\\\/mastercargasbrasil.com.br\\\/wp-content\\\/uploads\\\/2025\\\/07\\\/camera_com_ia-1024x784.jpg\"},{\"@type\":\"BreadcrumbList\",\"@id\":\"https:\\\/\\\/mastercargasbrasil.com.br\\\/es\\\/cctv-con-ia\\\/#breadcrumb\",\"itemListElement\":[{\"@type\":\"ListItem\",\"position\":1,\"name\":\"In\u00edcio\",\"item\":\"https:\\\/\\\/mastercargasbrasil.com.br\\\/es\\\/inicio\\\/\"},{\"@type\":\"ListItem\",\"position\":2,\"name\":\"CCTV con IA\"}]},{\"@type\":\"WebSite\",\"@id\":\"https:\\\/\\\/mastercargasbrasil.com.br\\\/es\\\/#website\",\"url\":\"https:\\\/\\\/mastercargasbrasil.com.br\\\/es\\\/\",\"name\":\"Master Cargas Brasil\",\"description\":\"\",\"publisher\":{\"@id\":\"https:\\\/\\\/mastercargasbrasil.com.br\\\/es\\\/#organization\"},\"potentialAction\":[{\"@type\":\"SearchAction\",\"target\":{\"@type\":\"EntryPoint\",\"urlTemplate\":\"https:\\\/\\\/mastercargasbrasil.com.br\\\/es\\\/?s={search_term_string}\"},\"query-input\":{\"@type\":\"PropertyValueSpecification\",\"valueRequired\":true,\"valueName\":\"search_term_string\"}}],\"inLanguage\":\"es\"},{\"@type\":\"Organization\",\"@id\":\"https:\\\/\\\/mastercargasbrasil.com.br\\\/es\\\/#organization\",\"name\":\"Master Cargas Brasil\",\"url\":\"https:\\\/\\\/mastercargasbrasil.com.br\\\/es\\\/\",\"logo\":{\"@type\":\"ImageObject\",\"inLanguage\":\"es\",\"@id\":\"https:\\\/\\\/mastercargasbrasil.com.br\\\/es\\\/#\\\/schema\\\/logo\\\/image\\\/\",\"url\":\"https:\\\/\\\/mastercargasbrasil.com.br\\\/wp-content\\\/uploads\\\/2025\\\/08\\\/master-cargas-amarelo-scaled.webp\",\"contentUrl\":\"https:\\\/\\\/mastercargasbrasil.com.br\\\/wp-content\\\/uploads\\\/2025\\\/08\\\/master-cargas-amarelo-scaled.webp\",\"width\":2560,\"height\":876,\"caption\":\"Master Cargas Brasil\"},\"image\":{\"@id\":\"https:\\\/\\\/mastercargasbrasil.com.br\\\/es\\\/#\\\/schema\\\/logo\\\/image\\\/\"}}]}<\/script>\n<!-- \/ Yoast SEO plugin. -->","yoast_head_json":{"title":"CCTV con IA - Master Cargas Brasil","robots":{"index":"index","follow":"follow","max-snippet":"max-snippet:-1","max-image-preview":"max-image-preview:large","max-video-preview":"max-video-preview:-1"},"canonical":"https:\/\/mastercargasbrasil.com.br\/es\/cctv-con-ia\/","og_locale":"es_ES","og_type":"article","og_title":"CCTV con IA - Master Cargas Brasil","og_description":"CCTV con IA En Master Cargas Brasil, la seguridad es una prioridad. Por ello, invertimos en un avanzado sistema de CCTV con inteligencia artificial. Con recursos como detecci\u00f3n inteligente de movimientos, reconocimiento facial y alertas en tiempo real, prevenimos p\u00e9rdidas, reducimos riesgos de accidentes, monitoreamos operaciones cr\u00edticas y optimizamos procesos log\u00edsticos. Esta tecnolog\u00eda eleva nuestro [&hellip;]","og_url":"https:\/\/mastercargasbrasil.com.br\/es\/cctv-con-ia\/","og_site_name":"Master Cargas Brasil","article_modified_time":"2025-11-25T02:21:09+00:00","og_image":[{"width":1271,"height":973,"url":"https:\/\/mastercargasbrasil.com.br\/wp-content\/uploads\/2025\/07\/camera_com_ia.jpg","type":"image\/jpeg"}],"twitter_card":"summary_large_image","schema":{"@context":"https:\/\/schema.org","@graph":[{"@type":"WebPage","@id":"https:\/\/mastercargasbrasil.com.br\/es\/cctv-con-ia\/","url":"https:\/\/mastercargasbrasil.com.br\/es\/cctv-con-ia\/","name":"CCTV con IA - Master Cargas Brasil","isPartOf":{"@id":"https:\/\/mastercargasbrasil.com.br\/es\/#website"},"primaryImageOfPage":{"@id":"https:\/\/mastercargasbrasil.com.br\/es\/cctv-con-ia\/#primaryimage"},"image":{"@id":"https:\/\/mastercargasbrasil.com.br\/es\/cctv-con-ia\/#primaryimage"},"thumbnailUrl":"https:\/\/mastercargasbrasil.com.br\/wp-content\/uploads\/2025\/07\/camera_com_ia-1024x784.jpg","datePublished":"2025-07-04T16:35:04+00:00","dateModified":"2025-11-25T02:21:09+00:00","breadcrumb":{"@id":"https:\/\/mastercargasbrasil.com.br\/es\/cctv-con-ia\/#breadcrumb"},"inLanguage":"es","potentialAction":[{"@type":"ReadAction","target":["https:\/\/mastercargasbrasil.com.br\/es\/cctv-con-ia\/"]}]},{"@type":"ImageObject","inLanguage":"es","@id":"https:\/\/mastercargasbrasil.com.br\/es\/cctv-con-ia\/#primaryimage","url":"https:\/\/mastercargasbrasil.com.br\/wp-content\/uploads\/2025\/07\/camera_com_ia-1024x784.jpg","contentUrl":"https:\/\/mastercargasbrasil.com.br\/wp-content\/uploads\/2025\/07\/camera_com_ia-1024x784.jpg"},{"@type":"BreadcrumbList","@id":"https:\/\/mastercargasbrasil.com.br\/es\/cctv-con-ia\/#breadcrumb","itemListElement":[{"@type":"ListItem","position":1,"name":"In\u00edcio","item":"https:\/\/mastercargasbrasil.com.br\/es\/inicio\/"},{"@type":"ListItem","position":2,"name":"CCTV con IA"}]},{"@type":"WebSite","@id":"https:\/\/mastercargasbrasil.com.br\/es\/#website","url":"https:\/\/mastercargasbrasil.com.br\/es\/","name":"Master Cargas Brasil","description":"","publisher":{"@id":"https:\/\/mastercargasbrasil.com.br\/es\/#organization"},"potentialAction":[{"@type":"SearchAction","target":{"@type":"EntryPoint","urlTemplate":"https:\/\/mastercargasbrasil.com.br\/es\/?s={search_term_string}"},"query-input":{"@type":"PropertyValueSpecification","valueRequired":true,"valueName":"search_term_string"}}],"inLanguage":"es"},{"@type":"Organization","@id":"https:\/\/mastercargasbrasil.com.br\/es\/#organization","name":"Master Cargas Brasil","url":"https:\/\/mastercargasbrasil.com.br\/es\/","logo":{"@type":"ImageObject","inLanguage":"es","@id":"https:\/\/mastercargasbrasil.com.br\/es\/#\/schema\/logo\/image\/","url":"https:\/\/mastercargasbrasil.com.br\/wp-content\/uploads\/2025\/08\/master-cargas-amarelo-scaled.webp","contentUrl":"https:\/\/mastercargasbrasil.com.br\/wp-content\/uploads\/2025\/08\/master-cargas-amarelo-scaled.webp","width":2560,"height":876,"caption":"Master Cargas Brasil"},"image":{"@id":"https:\/\/mastercargasbrasil.com.br\/es\/#\/schema\/logo\/image\/"}}]}},"_links":{"self":[{"href":"https:\/\/mastercargasbrasil.com.br\/es\/wp-json\/wp\/v2\/pages\/6130","targetHints":{"allow":["GET"]}}],"collection":[{"href":"https:\/\/mastercargasbrasil.com.br\/es\/wp-json\/wp\/v2\/pages"}],"about":[{"href":"https:\/\/mastercargasbrasil.com.br\/es\/wp-json\/wp\/v2\/types\/page"}],"author":[{"embeddable":true,"href":"https:\/\/mastercargasbrasil.com.br\/es\/wp-json\/wp\/v2\/users\/1"}],"replies":[{"embeddable":true,"href":"https:\/\/mastercargasbrasil.com.br\/es\/wp-json\/wp\/v2\/comments?post=6130"}],"version-history":[{"count":1,"href":"https:\/\/mastercargasbrasil.com.br\/es\/wp-json\/wp\/v2\/pages\/6130\/revisions"}],"predecessor-version":[{"id":6131,"href":"https:\/\/mastercargasbrasil.com.br\/es\/wp-json\/wp\/v2\/pages\/6130\/revisions\/6131"}],"wp:attachment":[{"href":"https:\/\/mastercargasbrasil.com.br\/es\/wp-json\/wp\/v2\/media?parent=6130"}],"curies":[{"name":"wp","href":"https:\/\/api.w.org\/{rel}","templated":true}]}}